{"id":2163,"date":"2026-03-04T10:31:01","date_gmt":"2026-03-04T10:31:01","guid":{"rendered":"https:\/\/agromobil.eu\/trgovina\/izdelek\/zaga-mot-echo-cs-4010es\/"},"modified":"2026-04-01T11:34:28","modified_gmt":"2026-04-01T11:34:28","slug":"zaga-mot-echo-cs-4010es","status":"publish","type":"product","link":"https:\/\/agromobil.eu\/trgovina\/izdelek\/zaga-mot-echo-cs-4010es\/","title":{"rendered":"\u017dAGA MOT. ECHO CS-4010ES"},"content":{"rendered":"<p>ECHO MOTORNA \u017dAGA CS-4010ES (CS-4010\/38) (38CM DOL\u017dINA ME\u010cA)<\/p>\n<p>VERIGA \u017dAGE: 325 \/ 1,3 \/ 32 ZOB<\/p>\n<p>pila: 4,8<\/p>\n<ul>\n<li>Uplinja\u010d: Membranski<\/li>\n<li>Prostornina motorja (cm\u00b3): 42.9<\/li>\n<li>Mo\u010d motorja (kW\/KM): 2.3\/3.1<\/li>\n<li>Korak verige (inch): 0.325<\/li>\n<li>Masa (kg): 4.3<\/li>\n<li>Prostornina rezervoarja za gorivo (l): 0.40<\/li>\n<li>Prostornina rezervoarja za olje (l): 0.27<\/li>\n<li>Poraba goriva pri najve\u010dji mo\u010di (l\/h): 1.24<\/li>\n<li>Model me\u010da (inch): 0.050<\/li>\n<li>Raven zvo\u010dnega tlaka (dB(A)): 103.1<\/li>\n<li>Raven zvo\u010dne mo\u010di (dB(A)): 113.0<\/li>\n<\/ul>\n","protected":false},"excerpt":{"rendered":"<p>ECHO MOTORNA \u017dAGA CS-4010ES (CS-4010\/38) (38CM DOL\u017dINA ME\u010cA) VERIGA \u017dAGE: 325 \/ 1,3 \/ 32 ZOB pila: 4,8 Uplinja\u010d: Membranski<\/p>\n","protected":false},"featured_media":2165,"template":"","meta":[],"product_brand":[104],"product_cat":[82,110,81],"product_tag":[],"class_list":{"0":"post-2163","1":"product","2":"type-product","3":"status-publish","4":"has-post-thumbnail","6":"product_brand-echo","7":"product_cat-bencinske_zage","8":"product_cat-echo","9":"product_cat-zage","11":"first","12":"instock","13":"taxable","14":"shipping-taxable","15":"purchasable","16":"product-type-simple"},"_links":{"self":[{"href":"https:\/\/agromobil.eu\/trgovina\/wp-json\/wp\/v2\/product\/2163","targetHints":{"allow":["GET"]}}],"collection":[{"href":"https:\/\/agromobil.eu\/trgovina\/wp-json\/wp\/v2\/product"}],"about":[{"href":"https:\/\/agromobil.eu\/trgovina\/wp-json\/wp\/v2\/types\/product"}],"version-history":[{"count":1,"href":"https:\/\/agromobil.eu\/trgovina\/wp-json\/wp\/v2\/product\/2163\/revisions"}],"predecessor-version":[{"id":2167,"href":"https:\/\/agromobil.eu\/trgovina\/wp-json\/wp\/v2\/product\/2163\/revisions\/2167"}],"wp:featuredmedia":[{"embeddable":true,"href":"https:\/\/agromobil.eu\/trgovina\/wp-json\/wp\/v2\/media\/2165"}],"wp:attachment":[{"href":"https:\/\/agromobil.eu\/trgovina\/wp-json\/wp\/v2\/media?parent=2163"}],"wp:term":[{"taxonomy":"product_brand","embeddable":true,"href":"https:\/\/agromobil.eu\/trgovina\/wp-json\/wp\/v2\/product_brand?post=2163"},{"taxonomy":"product_cat","embeddable":true,"href":"https:\/\/agromobil.eu\/trgovina\/wp-json\/wp\/v2\/product_cat?post=2163"},{"taxonomy":"product_tag","embeddable":true,"href":"https:\/\/agromobil.eu\/trgovina\/wp-json\/wp\/v2\/product_tag?post=2163"}],"curies":[{"name":"wp","href":"https:\/\/api.w.org\/{rel}","templated":true}]}}