{"id":1925,"date":"2025-05-21T13:20:37","date_gmt":"2025-05-21T13:20:37","guid":{"rendered":"https:\/\/agromobil.eu\/trgovina\/?post_type=product&#038;p=1925"},"modified":"2026-03-31T13:57:53","modified_gmt":"2026-03-31T13:57:53","slug":"echo-pb-9010t-x","status":"publish","type":"product","link":"https:\/\/agromobil.eu\/trgovina\/izdelek\/echo-pb-9010t-x\/","title":{"rendered":"ECHO PB-9010T X"},"content":{"rendered":"<h2>Dodatne informacije<\/h2>\n<table class=\"&quot;&quot;woocommerce-product-attributes&quot;\" width=\"&quot;&quot;1034&quot;&quot;\" aria-label=\"&quot;&quot;Product&quot;\">\n<tbody>\n<tr class=\"&quot;&quot;woocommerce-product-attributes-item&quot;\">\n<th class=\"&quot;&quot;woocommerce-product-attributes-item__label&quot;&quot;\" scope=\"&quot;&quot;row&quot;&quot;\"><strong data-start=\"&quot;&quot;68&quot;&quot;\" data-end=\"&quot;&quot;110&quot;&quot;\">Prostornina rezervoarja za gorivo (l)<\/strong><\/th>\n<td class=\"&quot;&quot;woocommerce-product-attributes-item__value&quot;&quot;\">2.56<\/td>\n<\/tr>\n<tr class=\"&quot;&quot;woocommerce-product-attributes-item&quot;\">\n<th class=\"&quot;&quot;woocommerce-product-attributes-item__label&quot;&quot;\" scope=\"&quot;&quot;row&quot;&quot;\"><strong data-start=\"&quot;&quot;120&quot;&quot;\" data-end=\"&quot;&quot;150&quot;&quot;\">Prostornina motorja (cm&sup3;)<\/strong><\/th>\n<td class=\"&quot;&quot;woocommerce-product-attributes-item__value&quot;&quot;\">79.9<\/td>\n<\/tr>\n<tr class=\"&quot;&quot;woocommerce-product-attributes-item&quot;\">\n<th class=\"&quot;&quot;woocommerce-product-attributes-item__label&quot;&quot;\" scope=\"&quot;&quot;row&quot;&quot;\"><strong data-start=\"&quot;&quot;159&quot;&quot;\" data-end=\"&quot;&quot;183&quot;&quot;\">Mo\u010d motorja (kW\/KM)<\/strong><\/th>\n<td class=\"&quot;&quot;woocommerce-product-attributes-item__value&quot;&quot;\">4.2\/5.7<\/td>\n<\/tr>\n<tr class=\"&quot;&quot;woocommerce-product-attributes-item&quot;\">\n<th class=\"&quot;&quot;woocommerce-product-attributes-item__label&quot;&quot;\" scope=\"&quot;&quot;row&quot;&quot;\"><strong data-start=\"&quot;&quot;199&quot;&quot;\" data-end=\"&quot;&quot;213&quot;&quot;\">Masa (kg)<\/strong><\/th>\n<td class=\"&quot;&quot;woocommerce-product-attributes-item__value&quot;&quot;\">12.4<\/td>\n<\/tr>\n<tr class=\"&quot;&quot;woocommerce-product-attributes-item&quot;\">\n<th class=\"&quot;&quot;woocommerce-product-attributes-item__label&quot;&quot;\" scope=\"&quot;&quot;row&quot;&quot;\"><strong data-start=\"&quot;&quot;221&quot;&quot;\" data-end=\"&quot;&quot;265&quot;&quot;\">Poraba goriva pri maksimalni mo\u010di (l\/h)<\/strong><\/th>\n<td class=\"&quot;&quot;woocommerce-product-attributes-item__value&quot;&quot;\">2.18<\/td>\n<\/tr>\n<tr class=\"&quot;&quot;woocommerce-product-attributes-item&quot;\">\n<th class=\"&quot;&quot;woocommerce-product-attributes-item__label&quot;&quot;\" scope=\"&quot;&quot;row&quot;&quot;\"><strong data-start=\"&quot;&quot;274&quot;&quot;\" data-end=\"&quot;&quot;295&quot;&quot;\">Nastavitev plina<\/strong><\/th>\n<td class=\"&quot;&quot;woocommerce-product-attributes-item__value&quot;&quot;\">Da<\/td>\n<\/tr>\n<tr class=\"&quot;&quot;woocommerce-product-attributes-item&quot;\">\n<th class=\"&quot;&quot;woocommerce-product-attributes-item__label&quot;&quot;\" scope=\"&quot;&quot;row&quot;&quot;\"><strong data-start=\"&quot;&quot;302&quot;&quot;\" data-end=\"&quot;&quot;326&quot;&quot;\">Pretok zraka (m&sup3;\/h)<\/strong><\/th>\n<td class=\"&quot;&quot;woocommerce-product-attributes-item__value&quot;&quot;\">1907<\/td>\n<\/tr>\n<tr class=\"&quot;&quot;woocommerce-product-attributes-item&quot;\">\n<th class=\"&quot;&quot;woocommerce-product-attributes-item__label&quot;&quot;\" scope=\"&quot;&quot;row&quot;&quot;\"><strong data-start=\"&quot;&quot;334&quot;&quot;\" data-end=\"&quot;&quot;369&quot;&quot;\">Maksimalna hitrost zraka (m\/s)<\/strong><\/th>\n<td class=\"&quot;&quot;woocommerce-product-attributes-item__value&quot;&quot;\">97.8<\/td>\n<\/tr>\n<tr class=\"&quot;&quot;woocommerce-product-attributes-item&quot;\">\n<th class=\"&quot;&quot;woocommerce-product-attributes-item__label&quot;&quot;\" scope=\"&quot;&quot;row&quot;&quot;\"><strong data-start=\"&quot;&quot;378&quot;&quot;\" data-end=\"&quot;&quot;391&quot;&quot;\">Tip &scaron;obe<\/strong><\/th>\n<td class=\"&quot;&quot;woocommerce-product-attributes-item__value&quot;&quot;\">\n<p class=\"&quot;&quot;&quot;&quot;\" data-start=\"&quot;&quot;378&quot;&quot;\" data-end=\"&quot;&quot;408&quot;&quot;\">Okrogla, ravna<\/p>\n<\/td>\n<\/tr>\n<tr class=\"&quot;&quot;woocommerce-product-attributes-item&quot;\">\n<td colspan=\"&quot;&quot;2&quot;&quot;\"><img decoding=\"async\" class=\"&quot;&quot;badge-icon&quot;&quot;\" title=\"&quot;&quot;Model&quot;\" src=\"\/echo-srbija.rs\/wp-content\/themes\/revolution-child\/icons\/model-certified-for-ce.gif&quot;&quot;\" alt=\"&quot;&quot;Model&quot;\" \/><img decoding=\"async\" class=\"&quot;&quot;badge-icon&quot;&quot;\" title=\"&quot;&quot;Digital&quot;\" src=\"\/echo-srbija.rs\/wp-content\/themes\/revolution-child\/icons\/digital-controlled-cdi.gif&quot;&quot;\" alt=\"&quot;&quot;Digital&quot;\" \/><img decoding=\"async\" class=\"&quot;&quot;badge-icon&quot;&quot;\" title=\"&quot;&quot;Posi-Loc&quot;\" src=\"\/echo-srbija.rs\/wp-content\/themes\/revolution-child\/icons\/posi-loc-pipe-system.gif&quot;&quot;\" alt=\"&quot;&quot;Posi-Loc&quot;\" \/><img decoding=\"async\" class=\"&quot;&quot;badge-icon&quot;&quot;\" title=\"&quot;&quot;EZ-Lock&quot;\" src=\"\/echo-srbija.rs\/wp-content\/themes\/revolution-child\/icons\/ez-lock-system.gif&quot;&quot;\" alt=\"&quot;&quot;EZ-Lock&quot;\" \/><img decoding=\"async\" class=\"&quot;&quot;badge-icon&quot;&quot;\" title=\"&quot;&quot;X&quot;\" src=\"\/echo-srbija.rs\/wp-content\/themes\/revolution-child\/icons\/x-series.gif&quot;&quot;\" alt=\"&quot;&quot;X&quot;\" \/><\/td>\n<\/tr>\n<\/tbody>\n<\/table>\n<p>&nbsp;<\/p>\n","protected":false},"excerpt":{"rendered":"<p class=\"&quot;&quot;&quot;&quot;\" data-start=\"&quot;&quot;85&quot;&quot;\" data-end=\"&quot;&quot;135&quot;&quot;\">ECHO PUHALNIK PB-9010T &ndash; PO&Scaron;AST med nahrbtnimi puhalniki : 5,7hp &ndash; 79,9cm&sup3; &ndash; 12,4kg &ndash; 1907m&sup3;\/h &ndash; 98m\/s<\/p>\n<p class=\"&quot;&quot;&quot;&quot;\" data-start=\"&quot;&quot;85&quot;&quot;\" data-end=\"&quot;&quot;135&quot;&quot;\">\u010ce i&scaron;\u010dete puhalnik, ki bo brez te\u017eav obvladal tudi najzahtevnej&scaron;a opravila, je ECHO PB-9010T prava izbira za vas. Z izjemno mo\u010djo in napredno tehnologijo je ta nahrbtni puhalnik najmo\u010dnej&scaron;i v svojem razredu, zasnovan za profesionalce, ki pri\u010dakujejo najve\u010d &ndash; mo\u010d, zanesljivost in udobje.<\/p>\n<p class=\"&quot;&quot;&quot;&quot;\" data-start=\"&quot;&quot;85&quot;&quot;\" data-end=\"&quot;&quot;135&quot;&quot;\">Z motorjem prostornine 79,9 cm&sup3; in mo\u010djo 5,7 KM bo PB-9010T hitro in u\u010dinkovito odstranjeval listje, umazanijo, prah in druge ne\u010disto\u010de iz ve\u010djih povr&scaron;in. Zra\u010dni pretok do 1907 m&sup3;\/h in hitrost zraka do 98 m\/s zagotavljata, da bo va&scaron;e \u010di&scaron;\u010denje hitro in brez napora, tudi v najzahtevnej&scaron;ih pogojih.<\/p>\n<p class=\"&quot;&quot;&quot;&quot;\" data-start=\"&quot;&quot;85&quot;&quot;\" data-end=\"&quot;&quot;135&quot;&quot;\">PB-9010T je zasnovan tako, da vam omogo\u010di udobno delo, saj ima ergonomski nahrbtni sistem z oblazinjenimi naramnicami in prezra\u010devanjem hrbta, kar pomeni, da boste pri dalj&scaron;i uporabi manj utrujeni. Vse to je podprto s pet-to\u010dkovnim sistemom za zmanj&scaron;anje vibracij, ki zmanj&scaron;a nelagodje pri uporabi. S kapaciteto rezervoarja za gorivo 2,56 litra bo ta puhalnik delal dlje, brez potrebe po pogostem dolivanju goriva, kar je &scaron;e posebej priro\u010dno pri ve\u010djih nalogah.<\/p>\n<p class=\"&quot;&quot;&quot;&quot;\" data-start=\"&quot;&quot;85&quot;&quot;\" data-end=\"&quot;&quot;135&quot;&quot;\">Ko gre za vzdr\u017eljivost, boste navdu&scaron;eni nad karbonskim okvirjem, ki je lahek, vendar izjemno trpe\u017een. Dvojni sistem filtracije (glavni papirnati filter in predfilter iz pene) omogo\u010da dalj&scaron;o \u017eivljenjsko dobo puhalnika, medtem ko hitro dostopni filtri brez orodja&nbsp;olaj&scaron;ajo vzdr\u017eevanje na terenu.<\/p>\n<p class=\"&quot;&quot;&quot;&quot;\" data-start=\"&quot;&quot;85&quot;&quot;\" data-end=\"&quot;&quot;135&quot;&quot;\">ECHO PB-9010T je idealen za vse, ki potrebujete zmogljiv in zanesljiv puhalnik za profesionalno rabo. Popoln je za vrtnarje, vzdr\u017eevalce javnih povr&scaron;in&nbsp;in&nbsp;komunalna podjetja, saj ponuja vrhunsko zmogljivost za hitro in<br \/>u\u010dinkovito \u010di&scaron;\u010denje velikih povr&scaron;in, kot so parki, dovozne poti, gradbi&scaron;\u010da in drugi odprti prostori.<\/p>\n<p class=\"&quot;&quot;&quot;&quot;\" data-start=\"&quot;&quot;85&quot;&quot;\" data-end=\"&quot;&quot;135&quot;&quot;\">ECHO PB-9010T ni samo puhalnik &ndash; je profesionalno orodje, ki vam prihrani \u010das, zmanj&scaron;a napor in pove\u010da u\u010dinkovitost va&scaron;ega dela.<\/p>\n","protected":false},"featured_media":1964,"template":"","meta":[],"product_brand":[104],"product_cat":[107],"product_tag":[],"class_list":{"0":"post-1925","1":"product","2":"type-product","3":"status-publish","4":"has-post-thumbnail","6":"product_brand-echo","7":"product_cat-puhalniki","9":"first","10":"outofstock","11":"taxable","12":"shipping-taxable","13":"purchasable","14":"product-type-simple"},"_links":{"self":[{"href":"https:\/\/agromobil.eu\/trgovina\/wp-json\/wp\/v2\/product\/1925","targetHints":{"allow":["GET"]}}],"collection":[{"href":"https:\/\/agromobil.eu\/trgovina\/wp-json\/wp\/v2\/product"}],"about":[{"href":"https:\/\/agromobil.eu\/trgovina\/wp-json\/wp\/v2\/types\/product"}],"version-history":[{"count":9,"href":"https:\/\/agromobil.eu\/trgovina\/wp-json\/wp\/v2\/product\/1925\/revisions"}],"predecessor-version":[{"id":2160,"href":"https:\/\/agromobil.eu\/trgovina\/wp-json\/wp\/v2\/product\/1925\/revisions\/2160"}],"wp:featuredmedia":[{"embeddable":true,"href":"https:\/\/agromobil.eu\/trgovina\/wp-json\/wp\/v2\/media\/1964"}],"wp:attachment":[{"href":"https:\/\/agromobil.eu\/trgovina\/wp-json\/wp\/v2\/media?parent=1925"}],"wp:term":[{"taxonomy":"product_brand","embeddable":true,"href":"https:\/\/agromobil.eu\/trgovina\/wp-json\/wp\/v2\/product_brand?post=1925"},{"taxonomy":"product_cat","embeddable":true,"href":"https:\/\/agromobil.eu\/trgovina\/wp-json\/wp\/v2\/product_cat?post=1925"},{"taxonomy":"product_tag","embeddable":true,"href":"https:\/\/agromobil.eu\/trgovina\/wp-json\/wp\/v2\/product_tag?post=1925"}],"curies":[{"name":"wp","href":"https:\/\/api.w.org\/{rel}","templated":true}]}}