{"id":1917,"date":"2025-05-21T13:10:15","date_gmt":"2025-05-21T13:10:15","guid":{"rendered":"https:\/\/agromobil.eu\/trgovina\/?post_type=product&#038;p=1917"},"modified":"2025-11-17T11:38:03","modified_gmt":"2025-11-17T11:38:03","slug":"echo-pb-2620-x","status":"publish","type":"product","link":"https:\/\/agromobil.eu\/trgovina\/izdelek\/echo-pb-2620-x\/","title":{"rendered":"ECHO PB-2620 X"},"content":{"rendered":"<h2>Dodatne informacije<\/h2>\n<table class=\"&quot;woocommerce-product-attributes\" width=\"&quot;1034&quot;\" aria-label=\"&quot;Product\">\n<tbody>\n<tr class=\"&quot;woocommerce-product-attributes-item\">\n<th class=\"&quot;woocommerce-product-attributes-item__label&quot;\" scope=\"&quot;row&quot;\"><strong data-start=\"&quot;68&quot;\" data-end=\"&quot;110&quot;\">Prostornina rezervoarja za gorivo (l)<\/strong><\/th>\n<td class=\"&quot;woocommerce-product-attributes-item__value&quot;\">0.545<\/td>\n<\/tr>\n<tr class=\"&quot;woocommerce-product-attributes-item\">\n<th class=\"&quot;woocommerce-product-attributes-item__label&quot;\" scope=\"&quot;row&quot;\"><strong data-start=\"&quot;120&quot;\" data-end=\"&quot;150&quot;\">Prostornina motorja (cm&sup3;)<\/strong><\/th>\n<td class=\"&quot;woocommerce-product-attributes-item__value&quot;\">25.4<\/td>\n<\/tr>\n<tr class=\"&quot;woocommerce-product-attributes-item\">\n<th class=\"&quot;woocommerce-product-attributes-item__label&quot;\" scope=\"&quot;row&quot;\"><strong data-start=\"&quot;159&quot;\" data-end=\"&quot;183&quot;\">Mo\u010d motorja (kW\/KM)<\/strong><\/th>\n<td class=\"&quot;woocommerce-product-attributes-item__value&quot;\">0.91\/1.24<\/td>\n<\/tr>\n<tr class=\"&quot;woocommerce-product-attributes-item\">\n<th class=\"&quot;woocommerce-product-attributes-item__label&quot;\" scope=\"&quot;row&quot;\"><strong data-start=\"&quot;199&quot;\" data-end=\"&quot;213&quot;\">Masa (kg)<\/strong><\/th>\n<td class=\"&quot;woocommerce-product-attributes-item__value&quot;\">4.4<\/td>\n<\/tr>\n<tr class=\"&quot;woocommerce-product-attributes-item\">\n<th class=\"&quot;woocommerce-product-attributes-item__label&quot;\" scope=\"&quot;row&quot;\"><strong data-start=\"&quot;221&quot;\" data-end=\"&quot;265&quot;\">Poraba goriva pri maksimalni mo\u010di (l\/h)<\/strong><\/th>\n<td class=\"&quot;woocommerce-product-attributes-item__value&quot;\">0.52<\/td>\n<\/tr>\n<tr class=\"&quot;woocommerce-product-attributes-item\">\n<th class=\"&quot;woocommerce-product-attributes-item__label&quot;\" scope=\"&quot;row&quot;\"><strong data-start=\"&quot;274&quot;\" data-end=\"&quot;295&quot;\">Nastavitev plina<\/strong><\/th>\n<td class=\"&quot;woocommerce-product-attributes-item__value&quot;\">Da<\/td>\n<\/tr>\n<tr class=\"&quot;woocommerce-product-attributes-item\">\n<th class=\"&quot;woocommerce-product-attributes-item__label&quot;\" scope=\"&quot;row&quot;\"><strong data-start=\"&quot;302&quot;\" data-end=\"&quot;326&quot;\">Pretok zraka (m&sup3;\/h)<\/strong><\/th>\n<td class=\"&quot;woocommerce-product-attributes-item__value&quot;\">774<\/td>\n<\/tr>\n<tr class=\"&quot;woocommerce-product-attributes-item\">\n<th class=\"&quot;woocommerce-product-attributes-item__label&quot;\" scope=\"&quot;row&quot;\"><strong data-start=\"&quot;334&quot;\" data-end=\"&quot;369&quot;\">Maksimalna hitrost zraka (m\/s)<\/strong><\/th>\n<td class=\"&quot;woocommerce-product-attributes-item__value&quot;\">76.7<\/td>\n<\/tr>\n<tr class=\"&quot;woocommerce-product-attributes-item\">\n<th class=\"&quot;woocommerce-product-attributes-item__label&quot;\" scope=\"&quot;row&quot;\"><strong data-start=\"&quot;378&quot;\" data-end=\"&quot;391&quot;\">Tip &scaron;obe<\/strong><\/th>\n<td class=\"&quot;woocommerce-product-attributes-item__value&quot;\">\n<p class=\"&quot;&quot;\" data-start=\"&quot;378&quot;\" data-end=\"&quot;408&quot;\">Okrogla, ravna<\/p>\n<\/td>\n<\/tr>\n<tr class=\"&quot;woocommerce-product-attributes-item\">\n<td colspan=\"&quot;2&quot;\"><img decoding=\"async\" class=\"&quot;badge-icon&quot;\" title=\"&quot;Model\" src=\"\/echo-srbija.rs\/wp-content\/themes\/revolution-child\/icons\/model-certified-for-ce.gif&quot;\" alt=\"&quot;Model\" \/><img decoding=\"async\" class=\"&quot;badge-icon&quot;\" title=\"&quot;Digital\" src=\"\/echo-srbija.rs\/wp-content\/themes\/revolution-child\/icons\/digital-controlled-cdi.gif&quot;\" alt=\"&quot;Digital\" \/><img decoding=\"async\" class=\"&quot;badge-icon&quot;\" title=\"&quot;Posi-Loc\" src=\"\/echo-srbija.rs\/wp-content\/themes\/revolution-child\/icons\/posi-loc-pipe-system.gif&quot;\" alt=\"&quot;Posi-Loc\" \/><img decoding=\"async\" class=\"&quot;badge-icon&quot;\" title=\"&quot;EZ-Lock\" src=\"\/echo-srbija.rs\/wp-content\/themes\/revolution-child\/icons\/ez-lock-system.gif&quot;\" alt=\"&quot;EZ-Lock\" \/><img decoding=\"async\" class=\"&quot;badge-icon&quot;\" title=\"&quot;X\" src=\"\/echo-srbija.rs\/wp-content\/themes\/revolution-child\/icons\/x-series.gif&quot;\" alt=\"&quot;X\" \/><\/td>\n<\/tr>\n<\/tbody>\n<\/table>\n<p>&nbsp;<\/p>\n","protected":false},"excerpt":{"rendered":"<p class=\"&quot;&quot;\" data-start=\"&quot;100&quot;\" data-end=\"&quot;177&quot;\">1,24hp &ndash; 25,4cm&sup3; &ndash; 4,4kg &ndash; 774m&sup3;\/h &ndash; 76,7m\/s<\/p>\n<p class=\"&quot;&quot;\" data-start=\"&quot;100&quot;\" data-end=\"&quot;177&quot;\">ECHO PB-2620 &ndash; zmogljiv in udoben ro\u010dni pihalnik za profesionalno uporabo<\/p>\n<p class=\"&quot;&quot;\" data-start=\"&quot;100&quot;\" data-end=\"&quot;177&quot;\">\u010ce i&scaron;\u010dete zanesljivo in u\u010dinkovito orodje za \u010di&scaron;\u010denje zunanjih povr&scaron;in, je ECHO PB-2620 prava izbira za vas. Gre za profesionalni ro\u010dni pihalnik iz priznane X-serije, ki je zasnovan posebej za zahtevne uporabnike, kot so vrtnarji, vzdr\u017eevalci javnih povr&scaron;in in drugi strokovnjaki, ki pri svojem delu ne sklepajo kompromisov.<\/p>\n<p class=\"&quot;&quot;\" data-start=\"&quot;100&quot;\" data-end=\"&quot;177&quot;\">S svojo izjemno mo\u010djo in nizko te\u017eo le 4,4 kg, PB-2620 omogo\u010da dolgotrajno uporabo brez pretiranega napora. Pona&scaron;a se z ergonomskim dizajnom, ki zmanj&scaron;uje obremenitev zapestja in izbolj&scaron;uje nadzor med delom. Zra\u010dna hitrost do 76,7 m\/s in pretok zraka 774 m&sup3;\/h zagotavljata, da boste brez te\u017eav odstranili listje, prah in druge ne\u010disto\u010de tudi z ve\u010djih povr&scaron;in.<\/p>\n","protected":false},"featured_media":1920,"template":"","meta":[],"product_brand":[104],"product_cat":[107],"product_tag":[],"class_list":{"0":"post-1917","1":"product","2":"type-product","3":"status-publish","4":"has-post-thumbnail","6":"product_brand-echo","7":"product_cat-puhalniki","9":"first","10":"instock","11":"taxable","12":"shipping-taxable","13":"purchasable","14":"product-type-simple"},"_links":{"self":[{"href":"https:\/\/agromobil.eu\/trgovina\/wp-json\/wp\/v2\/product\/1917","targetHints":{"allow":["GET"]}}],"collection":[{"href":"https:\/\/agromobil.eu\/trgovina\/wp-json\/wp\/v2\/product"}],"about":[{"href":"https:\/\/agromobil.eu\/trgovina\/wp-json\/wp\/v2\/types\/product"}],"version-history":[{"count":3,"href":"https:\/\/agromobil.eu\/trgovina\/wp-json\/wp\/v2\/product\/1917\/revisions"}],"predecessor-version":[{"id":2161,"href":"https:\/\/agromobil.eu\/trgovina\/wp-json\/wp\/v2\/product\/1917\/revisions\/2161"}],"wp:featuredmedia":[{"embeddable":true,"href":"https:\/\/agromobil.eu\/trgovina\/wp-json\/wp\/v2\/media\/1920"}],"wp:attachment":[{"href":"https:\/\/agromobil.eu\/trgovina\/wp-json\/wp\/v2\/media?parent=1917"}],"wp:term":[{"taxonomy":"product_brand","embeddable":true,"href":"https:\/\/agromobil.eu\/trgovina\/wp-json\/wp\/v2\/product_brand?post=1917"},{"taxonomy":"product_cat","embeddable":true,"href":"https:\/\/agromobil.eu\/trgovina\/wp-json\/wp\/v2\/product_cat?post=1917"},{"taxonomy":"product_tag","embeddable":true,"href":"https:\/\/agromobil.eu\/trgovina\/wp-json\/wp\/v2\/product_tag?post=1917"}],"curies":[{"name":"wp","href":"https:\/\/api.w.org\/{rel}","templated":true}]}}