{"id":1818,"date":"2025-03-15T18:10:05","date_gmt":"2025-03-15T18:10:05","guid":{"rendered":"https:\/\/agromobil.eu\/trgovina\/?page_id=1818"},"modified":"2025-03-15T18:13:27","modified_gmt":"2025-03-15T18:13:27","slug":"varnostna-politika","status":"publish","type":"page","link":"https:\/\/agromobil.eu\/trgovina\/varnostna-politika\/","title":{"rendered":"Varnostna politika"},"content":{"rendered":"\t\t<div data-elementor-type=\"wp-page\" data-elementor-id=\"1818\" class=\"elementor elementor-1818\">\n\t\t\t\t<div class=\"wd-negative-gap elementor-element elementor-element-319a32e4 e-flex e-con-boxed e-con e-parent\" data-id=\"319a32e4\" data-element_type=\"container\" data-e-type=\"container\">\n\t\t\t\t\t<div class=\"e-con-inner\">\n\t\t\t\t<div class=\"elementor-element elementor-element-770860f0 color-scheme-inherit text-left elementor-widget elementor-widget-text-editor\" data-id=\"770860f0\" data-element_type=\"widget\" data-e-type=\"widget\" data-widget_type=\"text-editor.default\">\n\t\t\t\t\t\t\t\t\t<h1 data-start=\"67\" data-end=\"93\"><strong data-start=\"69\" data-end=\"91\">Varnostna politika<\/strong><\/h1><h2 data-start=\"95\" data-end=\"111\"><strong data-start=\"98\" data-end=\"109\">1. Uvod<\/strong><\/h2><p data-start=\"112\" data-end=\"392\">V podjetju <strong data-start=\"123\" data-end=\"169\"><a href=\"https:\/\/agromobil.eu\/trgovina\" target=\"_new\" rel=\"noopener\" data-start=\"125\" data-end=\"167\">Agromobil<\/a><\/strong> se zavedamo pomena varnosti podatkov in zagotavljanja za\u0161\u010dite informacijskih sistemov. Namen tega dokumenta je dolo\u010diti varnostne ukrepe, ki jih uporabljamo za za\u0161\u010dito podatkov na\u0161ih strank in delovanje spletne trgovine.<\/p><h2 data-start=\"394\" data-end=\"430\"><strong data-start=\"397\" data-end=\"428\">2. Za\u0161\u010dita osebnih podatkov<\/strong><\/h2><ul data-start=\"431\" data-end=\"797\"><li data-start=\"431\" data-end=\"587\">Vsi osebni podatki, ki jih zbiramo (ime, naslov, kontaktni podatki), se uporabljajo izklju\u010dno za izvedbo naro\u010dil in niso dostopni nepoobla\u0161\u010denim osebam.<\/li><li data-start=\"588\" data-end=\"692\">Podatki se hranijo v varnem okolju in so za\u0161\u010diteni pred nepoobla\u0161\u010denim dostopom, izgubo ali zlorabo.<\/li><li data-start=\"693\" data-end=\"797\">Do osebnih podatkov imajo dostop samo poobla\u0161\u010deni zaposleni, ki jih potrebujejo za obdelavo naro\u010dil.<\/li><\/ul><h2 data-start=\"799\" data-end=\"835\"><strong data-start=\"802\" data-end=\"833\">3. Varovanje spletne strani<\/strong><\/h2><ul data-start=\"836\" data-end=\"1196\"><li data-start=\"836\" data-end=\"958\">Na\u0161e spletno mesto uporablja <strong data-start=\"867\" data-end=\"885\">SSL certifikat<\/strong>, ki \u0161ifrira vse podatke, ki se prena\u0161ajo med uporabniki in stre\u017enikom.<\/li><li data-start=\"959\" data-end=\"1077\">Redno posodabljamo programsko opremo, vklju\u010dno s stre\u017eniki in vsemi vti\u010dniki, da prepre\u010dimo varnostne ranljivosti.<\/li><li data-start=\"1078\" data-end=\"1196\">Dostop do administrativnega dela spletne trgovine je omejen na poobla\u0161\u010dene uporabnike in za\u0161\u010diten z mo\u010dnimi gesli.<\/li><\/ul><h2 data-start=\"1198\" data-end=\"1226\"><strong data-start=\"1201\" data-end=\"1224\">4. Pla\u010dilna varnost<\/strong><\/h2><ul data-start=\"1227\" data-end=\"1474\"><li data-start=\"1227\" data-end=\"1390\">Na\u0161a spletna trgovina ne shranjuje podatkov o pla\u010dilnih karticah. Vsi pla\u010dilni procesi potekajo preko varnih in zaupanja vrednih ponudnikov pla\u010dilnih storitev.<\/li><li data-start=\"1391\" data-end=\"1474\">Uporabljamo varnostne standarde PCI-DSS, ki zagotavljajo varno obdelavo pla\u010dil.<\/li><\/ul><h2 data-start=\"1476\" data-end=\"1524\"><strong data-start=\"1479\" data-end=\"1522\">5. Varnostni ukrepi za za\u0161\u010dito podatkov<\/strong><\/h2><ul data-start=\"1525\" data-end=\"1793\"><li data-start=\"1525\" data-end=\"1599\">Redno izvajamo varnostne preglede in posodabljamo varnostne protokole.<\/li><li data-start=\"1600\" data-end=\"1681\">Izvajamo varnostne kopije podatkov, da prepre\u010dimo izgubo klju\u010dnih informacij.<\/li><li data-start=\"1682\" data-end=\"1793\">Sistem je za\u0161\u010diten pred napadi z ve\u010dplastno za\u0161\u010dito, vklju\u010dno s po\u017earnim zidom in za\u0161\u010dito pred napadi DDoS.<\/li><\/ul><h2 data-start=\"1795\" data-end=\"1831\"><strong data-start=\"1798\" data-end=\"1829\">6. Odgovornosti uporabnikov<\/strong><\/h2><ul data-start=\"1832\" data-end=\"2037\"><li data-start=\"1832\" data-end=\"1959\">Uporabniki so odgovorni za varno ravnanje s svojimi podatki, kot je prepre\u010devanje nepoobla\u0161\u010denega dostopa do svojih naprav.<\/li><li data-start=\"1960\" data-end=\"2037\">Priporo\u010damo uporabo mo\u010dnih gesel pri uporabi spletnih pla\u010dilnih storitev.<\/li><\/ul><h2 data-start=\"2039\" data-end=\"2084\"><strong data-start=\"2042\" data-end=\"2082\">7. Poro\u010danje o varnostnih incidentih<\/strong><\/h2><p data-start=\"2085\" data-end=\"2260\">\u010ce sumite, da je pri\u0161lo do varnostnega incidenta ali zlorabe podatkov, nas nemudoma kontaktirajte na <strong data-start=\"2186\" data-end=\"2215\">info@agromobil.eu<\/strong>, da lahko takoj sprejmemo ustrezne ukrepe.<\/p>\t\t\t\t\t\t\t\t<\/div>\n\t\t\t\t\t<\/div>\n\t\t\t\t<\/div>\n\t\t\t\t<\/div>\n\t\t","protected":false},"excerpt":{"rendered":"<p>Varnostna politika 1. Uvod V podjetju Agromobil se zavedamo pomena varnosti podatkov in zagotavljanja za\u0161\u010dite informacijskih sistemov. Namen tega dokumenta<\/p>\n","protected":false},"author":2,"featured_media":0,"parent":0,"menu_order":0,"comment_status":"closed","ping_status":"closed","template":"","meta":{"footnotes":""},"class_list":["post-1818","page","type-page","status-publish","hentry"],"_links":{"self":[{"href":"https:\/\/agromobil.eu\/trgovina\/wp-json\/wp\/v2\/pages\/1818","targetHints":{"allow":["GET"]}}],"collection":[{"href":"https:\/\/agromobil.eu\/trgovina\/wp-json\/wp\/v2\/pages"}],"about":[{"href":"https:\/\/agromobil.eu\/trgovina\/wp-json\/wp\/v2\/types\/page"}],"author":[{"embeddable":true,"href":"https:\/\/agromobil.eu\/trgovina\/wp-json\/wp\/v2\/users\/2"}],"replies":[{"embeddable":true,"href":"https:\/\/agromobil.eu\/trgovina\/wp-json\/wp\/v2\/comments?post=1818"}],"version-history":[{"count":4,"href":"https:\/\/agromobil.eu\/trgovina\/wp-json\/wp\/v2\/pages\/1818\/revisions"}],"predecessor-version":[{"id":1822,"href":"https:\/\/agromobil.eu\/trgovina\/wp-json\/wp\/v2\/pages\/1818\/revisions\/1822"}],"wp:attachment":[{"href":"https:\/\/agromobil.eu\/trgovina\/wp-json\/wp\/v2\/media?parent=1818"}],"curies":[{"name":"wp","href":"https:\/\/api.w.org\/{rel}","templated":true}]}}